{"id":644,"date":"2023-03-24T12:15:36","date_gmt":"2023-03-24T12:15:36","guid":{"rendered":"https:\/\/shopkeeper-demo.getbowtied.com\/food\/?page_id=644"},"modified":"2025-04-27T19:32:10","modified_gmt":"2025-04-27T17:32:10","slug":"contact","status":"publish","type":"page","link":"https:\/\/zufersaiti.site\/market\/contact\/","title":{"rendered":"Contact"},"content":{"rendered":"\t\t<div data-elementor-type=\"wp-page\" data-elementor-id=\"644\" class=\"elementor elementor-644\" data-elementor-post-type=\"page\">\n\t\t\t\t\t\t<section class=\"elementor-section elementor-top-section elementor-element elementor-element-f39cfb4 elementor-section-stretched elementor-section-items-stretch elementor-section-height-min-height elementor-section-boxed elementor-section-height-default\" data-id=\"f39cfb4\" data-element_type=\"section\" data-e-type=\"section\" data-settings=\"{&quot;stretch_section&quot;:&quot;section-stretched&quot;,&quot;background_background&quot;:&quot;classic&quot;,&quot;shape_divider_top&quot;:&quot;mountains&quot;,&quot;animation&quot;:&quot;none&quot;}\">\n\t\t\t\t\t\t\t<div class=\"elementor-background-overlay\"><\/div>\n\t\t\t\t\t\t<div class=\"elementor-shape elementor-shape-top\" aria-hidden=\"true\" data-negative=\"false\">\n\t\t\t<svg xmlns=\"http:\/\/www.w3.org\/2000\/svg\" viewBox=\"0 0 1000 100\" preserveAspectRatio=\"none\">\n\t<path class=\"elementor-shape-fill\" opacity=\"0.33\" d=\"M473,67.3c-203.9,88.3-263.1-34-320.3,0C66,119.1,0,59.7,0,59.7V0h1000v59.7 c0,0-62.1,26.1-94.9,29.3c-32.8,3.3-62.8-12.3-75.8-22.1C806,49.6,745.3,8.7,694.9,4.7S492.4,59,473,67.3z\"\/>\n\t<path class=\"elementor-shape-fill\" opacity=\"0.66\" d=\"M734,67.3c-45.5,0-77.2-23.2-129.1-39.1c-28.6-8.7-150.3-10.1-254,39.1 s-91.7-34.4-149.2,0C115.7,118.3,0,39.8,0,39.8V0h1000v36.5c0,0-28.2-18.5-92.1-18.5C810.2,18.1,775.7,67.3,734,67.3z\"\/>\n\t<path class=\"elementor-shape-fill\" d=\"M766.1,28.9c-200-57.5-266,65.5-395.1,19.5C242,1.8,242,5.4,184.8,20.6C128,35.8,132.3,44.9,89.9,52.5C28.6,63.7,0,0,0,0 h1000c0,0-9.9,40.9-83.6,48.1S829.6,47,766.1,28.9z\"\/>\n<\/svg>\t\t<\/div>\n\t\t\t\t\t<div class=\"elementor-container elementor-column-gap-no\">\n\t\t\t\t\t<div class=\"elementor-column elementor-col-50 elementor-top-column elementor-element elementor-element-521bce3\" data-id=\"521bce3\" data-element_type=\"column\" data-e-type=\"column\" data-settings=\"{&quot;background_background&quot;:&quot;classic&quot;}\">\n\t\t\t<div class=\"elementor-widget-wrap elementor-element-populated\">\n\t\t\t\t\t\t<div class=\"elementor-element elementor-element-74b847f elementor-widget__width-inherit elementor-widget elementor-widget-heading\" data-id=\"74b847f\" data-element_type=\"widget\" data-e-type=\"widget\" data-widget_type=\"heading.default\">\n\t\t\t\t<div class=\"elementor-widget-container\">\n\t\t\t\t\t<h3 class=\"elementor-heading-title elementor-size-default\">NA KONTAKTONI<\/h3>\t\t\t\t<\/div>\n\t\t\t\t<\/div>\n\t\t\t\t<section class=\"elementor-section elementor-inner-section elementor-element elementor-element-11e6636 elementor-section-full_width elementor-section-height-default elementor-section-height-default\" data-id=\"11e6636\" data-element_type=\"section\" data-e-type=\"section\">\n\t\t\t\t\t\t<div class=\"elementor-container elementor-column-gap-no\">\n\t\t\t\t\t<div class=\"elementor-column elementor-col-100 elementor-inner-column elementor-element elementor-element-333684e\" data-id=\"333684e\" data-element_type=\"column\" data-e-type=\"column\">\n\t\t\t<div class=\"elementor-widget-wrap elementor-element-populated\">\n\t\t\t\t\t\t<div class=\"elementor-element elementor-element-e3f5d18 elementor-widget__width-inherit elementor-widget elementor-widget-heading\" data-id=\"e3f5d18\" data-element_type=\"widget\" data-e-type=\"widget\" data-widget_type=\"heading.default\">\n\t\t\t\t<div class=\"elementor-widget-container\">\n\t\t\t\t\t<h1 class=\"elementor-heading-title elementor-size-default\">Na kontaktoni<\/h1>\t\t\t\t<\/div>\n\t\t\t\t<\/div>\n\t\t\t\t<div class=\"elementor-element elementor-element-94ed268 elementor-widget__width-inherit elementor-widget elementor-widget-heading\" data-id=\"94ed268\" data-element_type=\"widget\" data-e-type=\"widget\" data-widget_type=\"heading.default\">\n\t\t\t\t<div class=\"elementor-widget-container\">\n\t\t\t\t\t<h3 class=\"elementor-heading-title elementor-size-default\">Na d\u00ebrgoni nj\u00eb mesazh dhe do t'ju p\u00ebrgjigjemi pyetjeve tuaja sa m\u00eb shpejt t\u00eb jet\u00eb e mundur.<\/h3>\t\t\t\t<\/div>\n\t\t\t\t<\/div>\n\t\t\t\t\t<\/div>\n\t\t<\/div>\n\t\t\t\t\t<\/div>\n\t\t<\/section>\n\t\t\t\t<div class=\"elementor-element elementor-element-50c0a2a elementor-align-left elementor-mobile-align-justify elementor-tablet-align-left elementor-widget__width-auto elementor-widget-mobile__width-inherit elementor-widget elementor-widget-button\" data-id=\"50c0a2a\" data-element_type=\"widget\" data-e-type=\"widget\" data-widget_type=\"button.default\">\n\t\t\t\t<div class=\"elementor-widget-container\">\n\t\t\t\t\t\t\t\t\t<div class=\"elementor-button-wrapper\">\n\t\t\t\t\t<a class=\"elementor-button elementor-button-link elementor-size-md\" href=\"https:\/\/zufersaiti.site\/market\/shop\/\">\n\t\t\t\t\t\t<span class=\"elementor-button-content-wrapper\">\n\t\t\t\t\t\t<span class=\"elementor-button-icon\">\n\t\t\t\t<svg aria-hidden=\"true\" class=\"e-font-icon-svg e-fas-chevron-circle-right\" viewBox=\"0 0 512 512\" xmlns=\"http:\/\/www.w3.org\/2000\/svg\"><path d=\"M256 8c137 0 248 111 248 248S393 504 256 504 8 393 8 256 119 8 256 8zm113.9 231L234.4 103.5c-9.4-9.4-24.6-9.4-33.9 0l-17 17c-9.4 9.4-9.4 24.6 0 33.9L285.1 256 183.5 357.6c-9.4 9.4-9.4 24.6 0 33.9l17 17c9.4 9.4 24.6 9.4 33.9 0L369.9 273c9.4-9.4 9.4-24.6 0-34z\"><\/path><\/svg>\t\t\t<\/span>\n\t\t\t\t\t\t\t\t\t<span class=\"elementor-button-text\">KTHEHU N\u00cb MARKET<\/span>\n\t\t\t\t\t<\/span>\n\t\t\t\t\t<\/a>\n\t\t\t\t<\/div>\n\t\t\t\t\t\t\t\t<\/div>\n\t\t\t\t<\/div>\n\t\t\t\t\t<\/div>\n\t\t<\/div>\n\t\t\t\t<div class=\"elementor-column elementor-col-50 elementor-top-column elementor-element elementor-element-211c306\" data-id=\"211c306\" data-element_type=\"column\" data-e-type=\"column\">\n\t\t\t<div class=\"elementor-widget-wrap elementor-element-populated\">\n\t\t\t\t\t\t<div class=\"elementor-element elementor-element-c59136a elementor-button-align-stretch elementor-widget elementor-widget-form\" data-id=\"c59136a\" data-element_type=\"widget\" data-e-type=\"widget\" data-settings=\"{&quot;step_next_label&quot;:&quot;Next&quot;,&quot;step_previous_label&quot;:&quot;Previous&quot;,&quot;step_type&quot;:&quot;number_text&quot;,&quot;step_icon_shape&quot;:&quot;circle&quot;}\" data-widget_type=\"form.default\">\n\t\t\t\t<div class=\"elementor-widget-container\">\n\t\t\t\t\t\t\t<form class=\"elementor-form\" method=\"post\" name=\"New Form\">\n\t\t\t<input type=\"hidden\" name=\"post_id\" value=\"644\"\/>\n\t\t\t<input type=\"hidden\" name=\"form_id\" value=\"c59136a\"\/>\n\t\t\t<input type=\"hidden\" name=\"referer_title\" value=\"Contact\" \/>\n\n\t\t\t\t\t\t\t<input type=\"hidden\" name=\"queried_id\" value=\"644\"\/>\n\t\t\t\n\t\t\t<div class=\"elementor-form-fields-wrapper elementor-labels-above\">\n\t\t\t\t\t\t\t\t<div class=\"elementor-field-type-text elementor-field-group elementor-column elementor-field-group-name elementor-col-50\">\n\t\t\t\t\t\t\t\t\t\t\t\t\t<input size=\"1\" type=\"text\" name=\"form_fields[name]\" id=\"form-field-name\" class=\"elementor-field elementor-size-lg  elementor-field-textual\" placeholder=\"Emri\">\n\t\t\t\t\t\t\t\t\t\t\t<\/div>\n\t\t\t\t\t\t\t\t<div class=\"elementor-field-type-email elementor-field-group elementor-column elementor-field-group-email elementor-col-50 elementor-field-required\">\n\t\t\t\t\t\t\t\t\t\t\t\t\t<input size=\"1\" type=\"email\" name=\"form_fields[email]\" id=\"form-field-email\" class=\"elementor-field elementor-size-lg  elementor-field-textual\" placeholder=\"Email\" required=\"required\">\n\t\t\t\t\t\t\t\t\t\t\t<\/div>\n\t\t\t\t\t\t\t\t<div class=\"elementor-field-type-textarea elementor-field-group elementor-column elementor-field-group-field_8920f3f elementor-col-100\">\n\t\t\t\t\t<textarea class=\"elementor-field-textual elementor-field  elementor-size-lg\" name=\"form_fields[field_8920f3f]\" id=\"form-field-field_8920f3f\" rows=\"8\" placeholder=\"Mesazhi\"><\/textarea>\t\t\t\t<\/div>\n\t\t\t\t\t\t\t\t<div class=\"elementor-field-group elementor-column elementor-field-type-submit elementor-col-100 e-form__buttons\">\n\t\t\t\t\t<button class=\"elementor-button elementor-size-lg\" type=\"submit\">\n\t\t\t\t\t\t<span class=\"elementor-button-content-wrapper\">\n\t\t\t\t\t\t\t\t\t\t\t\t\t\t\t\t\t\t\t\t\t\t<span class=\"elementor-button-text\">Dergo&nbsp\u279e<\/span>\n\t\t\t\t\t\t\t\t\t\t\t\t\t<\/span>\n\t\t\t\t\t<\/button>\n\t\t\t\t<\/div>\n\t\t\t<\/div>\n\t\t<\/form>\n\t\t\t\t\t\t<\/div>\n\t\t\t\t<\/div>\n\t\t\t\t\t<\/div>\n\t\t<\/div>\n\t\t\t\t\t<\/div>\n\t\t<\/section>\n\t\t\t\t<section class=\"elementor-section elementor-top-section elementor-element elementor-element-45ce047 elementor-section-content-middle elementor-section-boxed elementor-section-height-default elementor-section-height-default\" data-id=\"45ce047\" data-element_type=\"section\" data-e-type=\"section\" data-settings=\"{&quot;background_background&quot;:&quot;classic&quot;}\">\n\t\t\t\t\t\t<div class=\"elementor-container elementor-column-gap-no\">\n\t\t\t\t\t<div class=\"elementor-column elementor-col-100 elementor-top-column elementor-element elementor-element-5e10140\" data-id=\"5e10140\" data-element_type=\"column\" data-e-type=\"column\">\n\t\t\t<div class=\"elementor-widget-wrap elementor-element-populated\">\n\t\t\t\t\t\t<div class=\"elementor-element elementor-element-a25cf87 elementor-widget__width-inherit elementor-widget elementor-widget-heading\" data-id=\"a25cf87\" data-element_type=\"widget\" data-e-type=\"widget\" data-widget_type=\"heading.default\">\n\t\t\t\t<div class=\"elementor-widget-container\">\n\t\t\t\t\t<h1 class=\"elementor-heading-title elementor-size-default\">Ne Jemi K\u00ebtu p\u00ebr Ju<\/h1>\t\t\t\t<\/div>\n\t\t\t\t<\/div>\n\t\t\t\t<div class=\"elementor-element elementor-element-2e4da06 elementor-widget-divider--view-line elementor-widget elementor-widget-divider\" data-id=\"2e4da06\" data-element_type=\"widget\" data-e-type=\"widget\" data-widget_type=\"divider.default\">\n\t\t\t\t<div class=\"elementor-widget-container\">\n\t\t\t\t\t\t\t<div class=\"elementor-divider\">\n\t\t\t<span class=\"elementor-divider-separator\">\n\t\t\t\t\t\t<\/span>\n\t\t<\/div>\n\t\t\t\t\t\t<\/div>\n\t\t\t\t<\/div>\n\t\t\t\t<div class=\"elementor-element elementor-element-63cb0c2 elementor-widget__width-initial elementor-view-stacked elementor-shape-circle elementor-position-block-start elementor-mobile-position-block-start elementor-widget elementor-widget-icon-box\" data-id=\"63cb0c2\" data-element_type=\"widget\" data-e-type=\"widget\" data-widget_type=\"icon-box.default\">\n\t\t\t\t<div class=\"elementor-widget-container\">\n\t\t\t\t\t\t\t<div class=\"elementor-icon-box-wrapper\">\n\n\t\t\t\t\t\t<div class=\"elementor-icon-box-icon\">\n\t\t\t\t<span  class=\"elementor-icon\">\n\t\t\t\t<svg xmlns=\"http:\/\/www.w3.org\/2000\/svg\" xmlns:xlink=\"http:\/\/www.w3.org\/1999\/xlink\" viewBox=\"0 0 512 512\"><g><g fill=\"#231F20\"><path d=\"m313.9,376.7c41.3-68.5 93.5-164.8 93.5-214.3 0-83.5-67.9-151.4-151.4-151.4-83.5,0-151.4,67.9-151.4,151.4 0,49.5 52.2,145.8 93.5,214.3-49,3.7-160.5,17-160.5,61.1 0,43.4 113.2,63.2 218.5,63.2 105.2,0 218.5-19.8 218.5-63.2-0.1-44.1-111.7-57.4-160.7-61.1zm-188.4-214.3c0-72 58.6-130.6 130.5-130.6 72,0 130.6,58.6 130.6,130.6 0,62.9-100.2,220.7-130.6,267.1-30.4-46.4-130.5-204.2-130.5-267.1zm130.5,317.7c-127.9,0-197.6-28-197.6-42.4 0-11.1 46-35 152-41.1 19.9,32.1 35,54.8 37,57.5 2.7,3.6 10.6,7.9 17.3,0 2.1-2.5 17.1-25.4 37-57.5 106,6.1 152,29.9 152,41.1-0.1,14.5-69.8,42.4-197.7,42.4z\"><\/path><path d=\"m321.9,162.4c0-36.4-29.5-65.9-65.9-65.9-36.4,0-65.9,29.5-65.9,65.9 0,36.4 29.5,65.9 65.9,65.9 36.4,0 65.9-29.5 65.9-65.9zm-111,0c0-24.9 20.2-45.1 45.1-45.1s45.1,20.2 45.1,45.1c0,24.9-20.2,45.1-45.1,45.1s-45.1-20.2-45.1-45.1z\"><\/path><\/g><\/g><\/svg>\t\t\t\t<\/span>\n\t\t\t<\/div>\n\t\t\t\n\t\t\t\t\t\t<div class=\"elementor-icon-box-content\">\n\n\t\t\t\t\n\t\t\t\t\t\t\t\t\t<p class=\"elementor-icon-box-description\">\n\t\t\t\t\t\tKumanovo\t\t\t\t\t<\/p>\n\t\t\t\t\n\t\t\t<\/div>\n\t\t\t\n\t\t<\/div>\n\t\t\t\t\t\t<\/div>\n\t\t\t\t<\/div>\n\t\t\t\t<div class=\"elementor-element elementor-element-f294b37 elementor-widget__width-initial elementor-view-stacked elementor-shape-circle elementor-position-block-start elementor-mobile-position-block-start elementor-widget elementor-widget-icon-box\" data-id=\"f294b37\" data-element_type=\"widget\" data-e-type=\"widget\" data-widget_type=\"icon-box.default\">\n\t\t\t\t<div class=\"elementor-widget-container\">\n\t\t\t\t\t\t\t<div class=\"elementor-icon-box-wrapper\">\n\n\t\t\t\t\t\t<div class=\"elementor-icon-box-icon\">\n\t\t\t\t<span  class=\"elementor-icon\">\n\t\t\t\t<svg xmlns=\"http:\/\/www.w3.org\/2000\/svg\" xmlns:xlink=\"http:\/\/www.w3.org\/1999\/xlink\" id=\"Layer_1\" x=\"0px\" y=\"0px\" viewBox=\"0 0 100.354 100.352\" style=\"enable-background:new 0 0 100.354 100.352;\" xml:space=\"preserve\"><path d=\"M93.09,76.224c0.047-0.145,0.079-0.298,0.079-0.459V22.638c0-0.162-0.032-0.316-0.08-0.462 c-0.007-0.02-0.011-0.04-0.019-0.06c-0.064-0.171-0.158-0.325-0.276-0.46c-0.008-0.009-0.009-0.02-0.017-0.029 c-0.005-0.005-0.011-0.007-0.016-0.012c-0.126-0.134-0.275-0.242-0.442-0.323c-0.013-0.006-0.023-0.014-0.036-0.02 c-0.158-0.071-0.33-0.111-0.511-0.123c-0.018-0.001-0.035-0.005-0.053-0.005c-0.017-0.001-0.032-0.005-0.049-0.005H8.465 c-0.017,0-0.033,0.004-0.05,0.005c-0.016,0.001-0.032,0.004-0.048,0.005c-0.183,0.012-0.358,0.053-0.518,0.125 c-0.01,0.004-0.018,0.011-0.028,0.015c-0.17,0.081-0.321,0.191-0.448,0.327c-0.005,0.005-0.011,0.006-0.016,0.011 c-0.008,0.008-0.009,0.019-0.017,0.028c-0.118,0.135-0.213,0.29-0.277,0.461c-0.008,0.02-0.012,0.04-0.019,0.061 c-0.048,0.146-0.08,0.3-0.08,0.462v53.128c0,0.164,0.033,0.32,0.082,0.468c0.007,0.02,0.011,0.039,0.018,0.059 c0.065,0.172,0.161,0.327,0.28,0.462c0.007,0.008,0.009,0.018,0.016,0.026c0.006,0.007,0.014,0.011,0.021,0.018 c0.049,0.051,0.103,0.096,0.159,0.14c0.025,0.019,0.047,0.042,0.073,0.06c0.066,0.046,0.137,0.083,0.21,0.117 c0.018,0.008,0.034,0.021,0.052,0.028c0.181,0.077,0.38,0.121,0.589,0.121h83.204c0.209,0,0.408-0.043,0.589-0.121 c0.028-0.012,0.054-0.03,0.081-0.044c0.062-0.031,0.124-0.063,0.181-0.102c0.03-0.021,0.057-0.048,0.086-0.071 c0.051-0.041,0.101-0.082,0.145-0.129c0.008-0.008,0.017-0.014,0.025-0.022c0.008-0.009,0.01-0.021,0.018-0.03 c0.117-0.134,0.211-0.288,0.275-0.458C93.078,76.267,93.083,76.246,93.09,76.224z M9.965,26.04l25.247,23.061L9.965,72.346V26.04z  M61.711,47.971c-0.104,0.068-0.214,0.125-0.301,0.221c-0.033,0.036-0.044,0.083-0.073,0.121l-11.27,10.294L12.331,24.138h75.472 L61.711,47.971z M37.436,51.132l11.619,10.613c0.287,0.262,0.649,0.393,1.012,0.393s0.725-0.131,1.011-0.393l11.475-10.481 l25.243,23.002H12.309L37.436,51.132z M64.778,49.232L90.169,26.04v46.33L64.778,49.232z\"><\/path><\/svg>\t\t\t\t<\/span>\n\t\t\t<\/div>\n\t\t\t\n\t\t\t\t\t\t<div class=\"elementor-icon-box-content\">\n\n\t\t\t\t\n\t\t\t\t\t\t\t\t\t<p class=\"elementor-icon-box-description\">\n\t\t\t\t\t\tcompany@contact.com<br>company@office.com\n\t\t\t\t\t<\/p>\n\t\t\t\t\n\t\t\t<\/div>\n\t\t\t\n\t\t<\/div>\n\t\t\t\t\t\t<\/div>\n\t\t\t\t<\/div>\n\t\t\t\t<div class=\"elementor-element elementor-element-c829eab elementor-widget__width-initial elementor-view-stacked elementor-shape-circle elementor-position-block-start elementor-mobile-position-block-start elementor-widget elementor-widget-icon-box\" data-id=\"c829eab\" data-element_type=\"widget\" data-e-type=\"widget\" data-widget_type=\"icon-box.default\">\n\t\t\t\t<div class=\"elementor-widget-container\">\n\t\t\t\t\t\t\t<div class=\"elementor-icon-box-wrapper\">\n\n\t\t\t\t\t\t<div class=\"elementor-icon-box-icon\">\n\t\t\t\t<span  class=\"elementor-icon\">\n\t\t\t\t<svg xmlns=\"http:\/\/www.w3.org\/2000\/svg\" xmlns:xlink=\"http:\/\/www.w3.org\/1999\/xlink\" id=\"Layer_1\" x=\"0px\" y=\"0px\" viewBox=\"0 0 40 40\" xml:space=\"preserve\"><g>\t<path fill=\"#010101\" d=\"M12.419,35c-2.223,0-4.292-1.2-5.399-3.134l-1.706-2.98c-0.651-1.144-0.255-2.604,0.886-3.261l3.979-2.477  c0.369-0.211,0.793-0.323,1.22-0.323c0.818,0,1.567,0.411,2.004,1.101l0.559,0.88c0.172,0.258,0.448,0.412,0.739,0.412  c0.11,0,0.218-0.023,0.316-0.066c2.157-0.861,4.979-3.395,5.794-4.149c0.039-0.041,3.306-3.452,4.332-5.987  c0.151-0.372,0.009-0.813-0.342-1.044l-0.883-0.563c-1.076-0.689-1.42-2.096-0.785-3.205l2.502-4.029C25.813,5.864,26.569,5,27.7,5  c0.394,0,0.797,0.107,1.201,0.32l2.964,1.695c2.482,1.425,3.695,4.408,2.885,7.096c-1.422,4.729-4.106,8.979-7.979,12.632  c-3.672,3.884-7.928,6.572-12.657,8.001C13.573,34.914,13.003,35,12.419,35L12.419,35z M11.381,24.331  c-0.158,0-0.312,0.043-0.446,0.127l-3.963,2.467c-0.207,0.115-0.367,0.316-0.431,0.549c-0.063,0.222-0.034,0.456,0.08,0.657  l1.706,2.983c0.846,1.476,2.449,2.467,3.987,2.467c0.499,0,0.98-0.102,1.429-0.301c10.237-4.555,15.351-9.669,19.54-19.546  c0.798-1.877-0.156-4.25-2.168-5.403l-2.982-1.707c-0.141-0.078-0.311-0.123-0.467-0.123c-0.337,0-0.627,0.197-0.758,0.515  l-2.471,3.96c-0.222,0.398-0.082,0.913,0.309,1.155l0.869,0.554c0.973,0.623,1.367,1.841,0.938,2.895  c-1.116,2.749-4.486,6.303-4.63,6.453c-0.029,0.027-3.607,3.427-6.349,4.527c-0.277,0.111-0.569,0.168-0.868,0.168  c-0.816,0-1.57-0.416-2.018-1.112l-0.556-0.88C11.997,24.536,11.73,24.331,11.381,24.331L11.381,24.331z\"><\/path>\t<path fill=\"#010101\" d=\"M6.768,17.132c-0.417,0-0.754-0.337-0.754-0.753c0-5.718,4.649-10.37,10.364-10.37  c0.417,0,0.755,0.34,0.755,0.754c0,0.415-0.338,0.755-0.755,0.755c-4.882,0-8.856,3.971-8.856,8.855  C7.521,16.791,7.183,17.132,6.768,17.132L6.768,17.132z\"><\/path>\t<path fill=\"#010101\" d=\"M12.343,17.132c-0.416,0-0.753-0.337-0.753-0.753c0-2.641,2.147-4.787,4.788-4.787  c0.417,0,0.755,0.338,0.755,0.754c0,0.415-0.338,0.753-0.755,0.753c-1.809,0-3.28,1.472-3.28,3.28  C13.097,16.795,12.76,17.132,12.343,17.132L12.343,17.132z\"><\/path><\/g><\/svg>\t\t\t\t<\/span>\n\t\t\t<\/div>\n\t\t\t\n\t\t\t\t\t\t<div class=\"elementor-icon-box-content\">\n\n\t\t\t\t\n\t\t\t\t\t\t\t\t\t<p class=\"elementor-icon-box-description\">\n\t\t\t\t\t\t+389 72 000 000<br>\n+389 72 000 009\t\t\t\t\t<\/p>\n\t\t\t\t\n\t\t\t<\/div>\n\t\t\t\n\t\t<\/div>\n\t\t\t\t\t\t<\/div>\n\t\t\t\t<\/div>\n\t\t\t\t<div class=\"elementor-element elementor-element-853ef57 elementor-widget__width-initial elementor-view-stacked elementor-shape-circle elementor-position-block-start elementor-mobile-position-block-start elementor-widget elementor-widget-icon-box\" data-id=\"853ef57\" data-element_type=\"widget\" data-e-type=\"widget\" data-widget_type=\"icon-box.default\">\n\t\t\t\t<div class=\"elementor-widget-container\">\n\t\t\t\t\t\t\t<div class=\"elementor-icon-box-wrapper\">\n\n\t\t\t\t\t\t<div class=\"elementor-icon-box-icon\">\n\t\t\t\t<a href=\"#\" class=\"elementor-icon\" tabindex=\"-1\" aria-label=\"Keni nevoj\u00eb p\u00ebr ndihm\u00eb?\">\n\t\t\t\t\t\t\t\t<\/a>\n\t\t\t<\/div>\n\t\t\t\n\t\t\t\t\t\t<div class=\"elementor-icon-box-content\">\n\n\t\t\t\t\t\t\t\t\t<h3 class=\"elementor-icon-box-title\">\n\t\t\t\t\t\t<a href=\"#\" >\n\t\t\t\t\t\t\tKeni nevoj\u00eb p\u00ebr ndihm\u00eb?\t\t\t\t\t\t<\/a>\n\t\t\t\t\t<\/h3>\n\t\t\t\t\n\t\t\t\t\n\t\t\t<\/div>\n\t\t\t\n\t\t<\/div>\n\t\t\t\t\t\t<\/div>\n\t\t\t\t<\/div>\n\t\t\t\t<div class=\"elementor-element elementor-element-3f0e9fa elementor-widget-divider--view-line elementor-widget elementor-widget-divider\" data-id=\"3f0e9fa\" data-element_type=\"widget\" data-e-type=\"widget\" data-widget_type=\"divider.default\">\n\t\t\t\t<div class=\"elementor-widget-container\">\n\t\t\t\t\t\t\t<div class=\"elementor-divider\">\n\t\t\t<span class=\"elementor-divider-separator\">\n\t\t\t\t\t\t<\/span>\n\t\t<\/div>\n\t\t\t\t\t\t<\/div>\n\t\t\t\t<\/div>\n\t\t\t\t\t<\/div>\n\t\t<\/div>\n\t\t\t\t\t<\/div>\n\t\t<\/section>\n\t\t\t\t<section class=\"elementor-section elementor-top-section elementor-element elementor-element-5678107 elementor-section-boxed elementor-section-height-default elementor-section-height-default\" data-id=\"5678107\" data-element_type=\"section\" data-e-type=\"section\">\n\t\t\t\t\t\t<div class=\"elementor-container elementor-column-gap-default\">\n\t\t\t\t\t<div class=\"elementor-column elementor-col-100 elementor-top-column elementor-element elementor-element-7a261a3\" data-id=\"7a261a3\" data-element_type=\"column\" data-e-type=\"column\">\n\t\t\t<div class=\"elementor-widget-wrap\">\n\t\t\t\t\t\t\t<\/div>\n\t\t<\/div>\n\t\t\t\t\t<\/div>\n\t\t<\/section>\n\t\t\t\t<\/div>\n\t\t","protected":false},"excerpt":{"rendered":"<p>NA KONTAKTONI Na kontaktoni Na d\u00ebrgoni nj\u00eb mesazh dhe do t&#8217;ju p\u00ebrgjigjemi pyetjeve tuaja sa m\u00eb shpejt t\u00eb jet\u00eb e mundur. KTHEHU N\u00cb MARKET Ne Jemi K\u00ebtu p\u00ebr Ju Kumanovo company@contact.comcompany@office.com +389 72 000 000 +389 72 000 009 Keni nevoj\u00eb p\u00ebr ndihm\u00eb?<\/p>\n","protected":false},"author":1,"featured_media":0,"parent":0,"menu_order":0,"comment_status":"closed","ping_status":"closed","template":"elementor_header_footer","meta":{"footnotes":""},"class_list":["post-644","page","type-page","status-publish","hentry"],"_links":{"self":[{"href":"https:\/\/zufersaiti.site\/market\/wp-json\/wp\/v2\/pages\/644","targetHints":{"allow":["GET"]}}],"collection":[{"href":"https:\/\/zufersaiti.site\/market\/wp-json\/wp\/v2\/pages"}],"about":[{"href":"https:\/\/zufersaiti.site\/market\/wp-json\/wp\/v2\/types\/page"}],"author":[{"embeddable":true,"href":"https:\/\/zufersaiti.site\/market\/wp-json\/wp\/v2\/users\/1"}],"replies":[{"embeddable":true,"href":"https:\/\/zufersaiti.site\/market\/wp-json\/wp\/v2\/comments?post=644"}],"version-history":[{"count":6,"href":"https:\/\/zufersaiti.site\/market\/wp-json\/wp\/v2\/pages\/644\/revisions"}],"predecessor-version":[{"id":2374,"href":"https:\/\/zufersaiti.site\/market\/wp-json\/wp\/v2\/pages\/644\/revisions\/2374"}],"wp:attachment":[{"href":"https:\/\/zufersaiti.site\/market\/wp-json\/wp\/v2\/media?parent=644"}],"curies":[{"name":"wp","href":"https:\/\/api.w.org\/{rel}","templated":true}]}}